{"id":8,"date":"2021-10-06T13:55:20","date_gmt":"2021-10-06T11:55:20","guid":{"rendered":"https:\/\/nordimet-se.medicalaffairs.se\/allmanhet\/?page_id=8"},"modified":"2022-02-03T14:39:01","modified_gmt":"2022-02-03T13:39:01","slug":"reumatoid-artrit","status":"publish","type":"page","link":"https:\/\/nordimet-se.medicalaffairs.se\/allmanhet\/reumatoid-artrit\/","title":{"rendered":"Reumatoid Artrit"},"content":{"rendered":"\n<h1 class=\"wp-block-heading\">Om Reumatoid Artrit<\/h1>\n\n\n\n<p>Reumatoid Artrit (RA) \u00e4r den medicinska ben\u00e4mningen f\u00f6r det vi brukar kalla ledg\u00e5ngsreumatism. Reumatoid artrit \u00e4r den vanligaste av de reumatiska sjukdomarna. I Sverige lever 0,5-1 % av den vuxna befolkningen med denna sjukdom. Av de som insjuknar i RA \u00e4r den \u00f6verv\u00e4gande delen kvinnor. Alla \u00e5ldrar finns representerade men vanligast \u00e4r att man insjuknar i \u00e5ldern 50-70 \u00e5r.<\/p>\n\n\n\n<p>Reumatoid artrit \u00e4r en autoimmun inflammatorisk sjukdom, som ofta b\u00f6rjar i sm\u00e5 leder i h\u00e4nder och f\u00f6tter (l\u00e4s vidare under symtom). Inflammationen g\u00f6r lederna stela och \u00e4r som v\u00e4rst n\u00e4r man stiger upp p\u00e5 morgonen eller varit stilla en l\u00e4ngre stund. Det g\u00e5r inte att bota ledg\u00e5ngsreumatism, men med hj\u00e4lp av l\u00e4kemedel och fysioterapi kan inflammationen d\u00e4mpas och sm\u00e4rtan lindras.<\/p>\n","protected":false},"excerpt":{"rendered":"<p>Reumatoid Artrit (RA) \u00e4r den medicinska ben\u00e4mningen f\u00f6r det vi brukar kalla ledg\u00e5ngsreumatism. <\/p>\n","protected":false},"author":1,"featured_media":27,"parent":0,"menu_order":10,"comment_status":"closed","ping_status":"closed","template":"page-about.php","meta":{"footnotes":""},"class_list":["post-8","page","type-page","status-publish","has-post-thumbnail","hentry"],"acf":[],"_links":{"self":[{"href":"https:\/\/nordimet-se.medicalaffairs.se\/allmanhet\/wp-json\/wp\/v2\/pages\/8","targetHints":{"allow":["GET"]}}],"collection":[{"href":"https:\/\/nordimet-se.medicalaffairs.se\/allmanhet\/wp-json\/wp\/v2\/pages"}],"about":[{"href":"https:\/\/nordimet-se.medicalaffairs.se\/allmanhet\/wp-json\/wp\/v2\/types\/page"}],"author":[{"embeddable":true,"href":"https:\/\/nordimet-se.medicalaffairs.se\/allmanhet\/wp-json\/wp\/v2\/users\/1"}],"replies":[{"embeddable":true,"href":"https:\/\/nordimet-se.medicalaffairs.se\/allmanhet\/wp-json\/wp\/v2\/comments?post=8"}],"version-history":[{"count":21,"href":"https:\/\/nordimet-se.medicalaffairs.se\/allmanhet\/wp-json\/wp\/v2\/pages\/8\/revisions"}],"predecessor-version":[{"id":181,"href":"https:\/\/nordimet-se.medicalaffairs.se\/allmanhet\/wp-json\/wp\/v2\/pages\/8\/revisions\/181"}],"wp:featuredmedia":[{"embeddable":true,"href":"https:\/\/nordimet-se.medicalaffairs.se\/allmanhet\/wp-json\/wp\/v2\/media\/27"}],"wp:attachment":[{"href":"https:\/\/nordimet-se.medicalaffairs.se\/allmanhet\/wp-json\/wp\/v2\/media?parent=8"}],"curies":[{"name":"wp","href":"https:\/\/api.w.org\/{rel}","templated":true}]}}