{"id":2,"date":"2021-07-20T09:10:57","date_gmt":"2021-07-20T07:10:57","guid":{"rendered":"https:\/\/nordimet-se.medicalaffairs.se\/allmanhet\/?page_id=2"},"modified":"2022-02-03T14:35:31","modified_gmt":"2022-02-03T13:35:31","slug":"reumatism","status":"publish","type":"page","link":"https:\/\/nordimet-se.medicalaffairs.se\/allmanhet\/","title":{"rendered":"Start"},"content":{"rendered":"\n<h1 class=\"wp-block-heading\">Om reumatism<\/h1>\n\n\n\n<h3 class=\"wp-block-heading\">Reumatism drabbar en miljon m\u00e4nniskor<\/h3>\n\n\n\n<p>Reumatism \u00e4r ett samlingsnamn f\u00f6r ett flertal olika sjukdomar som angriper de delar av kroppen som p\u00e5verkar dina r\u00f6relser, exempelvis lederna, musklerna och skelettet. Sammanlagt finns det omkring 80 olika reumatiska sjukdomar, som \u00e4ven kan drabba andra delar av kroppen som k\u00e4rl, bindv\u00e4v och hj\u00e4rta. Ungef\u00e4r en miljon m\u00e4nniskor i Sverige ber\u00e4knas leva med en reumatisk sjukdom. Ungef\u00e4r 40 svenskar per 100 000 insjuknar varje \u00e5r.<\/p>\n\n\n\n<p><a href=\"https:\/\/nordimet-se.medicalaffairs.se\/allmanhet\/reumatoid-artrit\/\" data-type=\"page\" data-id=\"8\">L\u00e4s mer om reumatoid artrit \u00bb<\/a><\/p>\n\n\n\n<p><a href=\"https:\/\/nordimet-se.medicalaffairs.se\/allmanhet\/psoriasisartrit\/\" data-type=\"page\" data-id=\"10\">L\u00e4s mer om psoriasisartrit \u00bb<\/a><\/p>\n","protected":false},"excerpt":{"rendered":"<p>Reumatism \u00e4r ett samlingsnamn f\u00f6r ett flertal olika sjukdomar som angriper de delar av kroppen som p\u00e5verkar dina r\u00f6relser, exempelvis lederna, musklerna och skelettet.<\/p>\n","protected":false},"author":1,"featured_media":120,"parent":0,"menu_order":0,"comment_status":"closed","ping_status":"open","template":"","meta":{"footnotes":""},"class_list":["post-2","page","type-page","status-publish","has-post-thumbnail","hentry"],"acf":[],"_links":{"self":[{"href":"https:\/\/nordimet-se.medicalaffairs.se\/allmanhet\/wp-json\/wp\/v2\/pages\/2","targetHints":{"allow":["GET"]}}],"collection":[{"href":"https:\/\/nordimet-se.medicalaffairs.se\/allmanhet\/wp-json\/wp\/v2\/pages"}],"about":[{"href":"https:\/\/nordimet-se.medicalaffairs.se\/allmanhet\/wp-json\/wp\/v2\/types\/page"}],"author":[{"embeddable":true,"href":"https:\/\/nordimet-se.medicalaffairs.se\/allmanhet\/wp-json\/wp\/v2\/users\/1"}],"replies":[{"embeddable":true,"href":"https:\/\/nordimet-se.medicalaffairs.se\/allmanhet\/wp-json\/wp\/v2\/comments?post=2"}],"version-history":[{"count":12,"href":"https:\/\/nordimet-se.medicalaffairs.se\/allmanhet\/wp-json\/wp\/v2\/pages\/2\/revisions"}],"predecessor-version":[{"id":178,"href":"https:\/\/nordimet-se.medicalaffairs.se\/allmanhet\/wp-json\/wp\/v2\/pages\/2\/revisions\/178"}],"wp:featuredmedia":[{"embeddable":true,"href":"https:\/\/nordimet-se.medicalaffairs.se\/allmanhet\/wp-json\/wp\/v2\/media\/120"}],"wp:attachment":[{"href":"https:\/\/nordimet-se.medicalaffairs.se\/allmanhet\/wp-json\/wp\/v2\/media?parent=2"}],"curies":[{"name":"wp","href":"https:\/\/api.w.org\/{rel}","templated":true}]}}