{"id":12,"date":"2021-10-06T13:55:47","date_gmt":"2021-10-06T11:55:47","guid":{"rendered":"https:\/\/nordimet-se.medicalaffairs.se\/allmanhet\/?page_id=12"},"modified":"2022-02-03T14:45:22","modified_gmt":"2022-02-03T13:45:22","slug":"byte-av-behandlingsmetod","status":"publish","type":"page","link":"https:\/\/nordimet-se.medicalaffairs.se\/allmanhet\/byte-av-behandlingsmetod\/","title":{"rendered":"Byte av behandlingsmetod"},"content":{"rendered":"\n<h1 class=\"wp-block-heading\">Byte fr\u00e5n metotrexattabletter till injektionspenna<\/h1>\n\n\n\n<p>Vanligtvis inleds behandlingen av reumatoid artrit med tabletter. F\u00f6r en del kan ett byte till injektionspenna vara ett alternativ. De fr\u00e4msta sk\u00e4len till ett byte \u00e4r utebliven effekt av tabletter eller f\u00f6r att minska de magtarmbiverkningar som en del kan uppleva med tabletter. F\u00f6rdelarna f\u00f6rklaras av att l\u00e4kemedlet vid injektion g\u00e5r ut i blodet utan att passera magtarmkanalen.<\/p>\n","protected":false},"excerpt":{"rendered":"<p>Byte fr\u00e5n metotrexattabletter till injektionspenna.<\/p>\n","protected":false},"author":1,"featured_media":30,"parent":0,"menu_order":30,"comment_status":"closed","ping_status":"closed","template":"page-about.php","meta":{"footnotes":""},"class_list":["post-12","page","type-page","status-publish","has-post-thumbnail","hentry"],"acf":[],"_links":{"self":[{"href":"https:\/\/nordimet-se.medicalaffairs.se\/allmanhet\/wp-json\/wp\/v2\/pages\/12","targetHints":{"allow":["GET"]}}],"collection":[{"href":"https:\/\/nordimet-se.medicalaffairs.se\/allmanhet\/wp-json\/wp\/v2\/pages"}],"about":[{"href":"https:\/\/nordimet-se.medicalaffairs.se\/allmanhet\/wp-json\/wp\/v2\/types\/page"}],"author":[{"embeddable":true,"href":"https:\/\/nordimet-se.medicalaffairs.se\/allmanhet\/wp-json\/wp\/v2\/users\/1"}],"replies":[{"embeddable":true,"href":"https:\/\/nordimet-se.medicalaffairs.se\/allmanhet\/wp-json\/wp\/v2\/comments?post=12"}],"version-history":[{"count":3,"href":"https:\/\/nordimet-se.medicalaffairs.se\/allmanhet\/wp-json\/wp\/v2\/pages\/12\/revisions"}],"predecessor-version":[{"id":88,"href":"https:\/\/nordimet-se.medicalaffairs.se\/allmanhet\/wp-json\/wp\/v2\/pages\/12\/revisions\/88"}],"wp:featuredmedia":[{"embeddable":true,"href":"https:\/\/nordimet-se.medicalaffairs.se\/allmanhet\/wp-json\/wp\/v2\/media\/30"}],"wp:attachment":[{"href":"https:\/\/nordimet-se.medicalaffairs.se\/allmanhet\/wp-json\/wp\/v2\/media?parent=12"}],"curies":[{"name":"wp","href":"https:\/\/api.w.org\/{rel}","templated":true}]}}